{"id":12609,"date":"2023-01-09T15:02:45","date_gmt":"2023-01-09T07:02:45","guid":{"rendered":"https:\/\/www.3cmspace.com\/?page_id=12609"},"modified":"2023-01-09T15:02:45","modified_gmt":"2023-01-09T07:02:45","slug":"cote-divoire","status":"publish","type":"page","link":"https:\/\/www.3cmspace.com\/zh-hant\/countries\/countries-africa\/cote-divoire\/","title":{"rendered":"\u8c61\u7259\u6d77\u5cb8"},"content":{"rendered":"<div id=\"page_indvCountry\">\n<div class=\"block_holder\">\n<div class=\"block_title\">\u8c61\u7259\u6d77\u5cb8<\/div>\n<div class=\"block_title block_subtitle\">Cote d&#8217;Ivoire<\/div>\n<p><iframe loading=\"lazy\" src=\"https:\/\/www.youtube.com\/embed\/Kg7A6QuCXm8\" width=\"560\" height=\"315\" frameborder=\"0\" allowfullscreen=\"allowfullscreen\"><\/iframe><\/p>\n<\/div>\n<div class=\"block_holder\">\n<div class=\"stat_column\">\n<p><img decoding=\"async\" src=\"\/wp-content\/uploads\/Icon_Population.png\" alt=\"\"><\/p>\n<h2>\u4eba\u53e3<\/h2>\n<table>\n<tbody>\n<tr>\n<td>\u4eba\u53e3\uff1a<\/td>\n<td>\u7d042800\u842c<\/td>\n<\/tr>\n<tr>\n<td>\u65cf\u7fa4\uff1a<\/td>\n<td>\u5df4\u70cf\u52d2 13%, \u83ab\u897f 11%, \u79d1\u7279\u8fea\u74e6\u99ac\u6797\u514b 7%<\/td>\n<\/tr>\n<\/tbody>\n<\/table>\n<\/div>\n<div class=\"stat_column\">\n<p><img decoding=\"async\" src=\"\/wp-content\/uploads\/Icon_Language.png\" alt=\"\"><\/p>\n<h2>\u8a9e\u8a00<\/h2>\n<table>\n<tbody>\n<tr>\n<td>\u5b98\u65b9\uff1a<\/td>\n<td>\u6cd5\u8a9e<\/td>\n<\/tr>\n<tr>\n<td>\u5176\u5b83\u8a9e\u8a00\uff1a<\/td>\n<td>Baoul\u00e9, M\u00f2or\u00e9, Jula<\/td>\n<\/tr>\n<\/tbody>\n<\/table>\n<\/div>\n<div class=\"stat_column\">\n<p><img decoding=\"async\" src=\"\/wp-content\/uploads\/Icon_Religion.png\" alt=\"\"><\/p>\n<h2>\u5b97\u6559\u4fe1\u4ef0<\/h2>\n<table>\n<tbody>\n<tr>\n<td>\u4f0a\u65af\u862d\u6559\uff1a<\/td>\n<td>44%<\/td>\n<\/tr>\n<tr>\n<td>\u57fa\u7763\u6559\uff1a<\/td>\n<td>34%<\/td>\n<\/tr>\n<tr>\n<td>\u6c11\u9593\u4fe1\u4ef0\uff1a<\/td>\n<td>22%<\/td>\n<\/tr>\n<\/tbody>\n<\/table>\n<\/div>\n<div class=\"stat_column\">\n<p><img decoding=\"async\" src=\"\/wp-content\/uploads\/Icon_Unreached.png\" alt=\"\"><\/p>\n<h2>\u672a\u5f97\u4e4b\u6c11<\/h2>\n<table>\n<tbody>\n<tr>\n<td>\u672a\u5f97\u4e4b\u6c11\uff1a<\/td>\n<td class=\"red\">\u5927\u7d04 33.3 %<\/td>\n<\/tr>\n<\/tbody>\n<\/table>\n<\/div>\n<\/div>\n<div class=\"block_holder\">\n<h2>\u4ee3\u79b1\u4e8b\u9805<\/h2>\n<ul>\n<li>\u70ba\u798f\u97f3\u80fd\u6ef2\u900f\u5230\u4ee5\u7a46\u65af\u6797\u70ba\u4e3b\u7684\u5317\u65b9\u5c1a\u672a\u6709\u798f\u97f3\u50b3\u5165\u7684\u5730\u5340\u79b1\u544a\u3002<\/li>\n<li>\u70ba\u57fa\u7763\u5f92\u6293\u4f4f\u6bcf\u6b21\u50b3\u798f\u97f3\u7d66\u7576\u5730\u5916\u570b\u4eba\u7684\u6a5f\u6703\u79b1\u544a\u3002<\/li>\n<li>\u70ba\u8056\u7d93\u771f\u7406\u80fd\u88ab\u6559\u5c0e\u4e26\u6709\u6548\u5730\u8a13\u7df4\u4fe1\u5f92\u79b1\u544a\u3002<\/li>\n<\/ul>\n<\/div>\n<div class=\"block_holder\">\n<h2>\u66f4\u591a\u6709\u95dc\u8c61\u7259\u6d77\u5cb8<\/h2>\n<div>\n\u8c61\u7259\u6d77\u5cb8\u7531\u6d77\u5cb8\u6f5f\u6e56\u3001\u8302\u5bc6\u7684\u68ee\u6797\u548c\u71b1\u5e36\u8349\u539f\u7d44\u6210\uff0c\u88ab\u7a31\u70ba\u300c\u897f\u975e\u7684\u5bf6\u77f3\u300d\u3002 \u8c61\u7259\u6d77\u5cb8\u64c1\u670960\u591a\u500b\u539f\u4f4f\u6c11\u90e8\u843d\uff0c\u6bcf\u500b\u90e8\u843d\u90fd\u6709\u7368\u7279\u7684\u7279\u9ede\u548c\u50b3\u7d71\uff0c\u662f\u4e00\u500b\u7a2e\u65cf\u591a\u5143\u5316\u7684\u570b\u5bb6\u3002 \u82e5\u5728\u9019\u500b\u570b\u5bb6\u77ed\u9014\u65c5\u884c\u4e2d\uff0c\u4f60\u6703\u7d93\u6b77\u5230\u4e0d\u540c\u7684\u97f3\u6a02\u3001\u85dd\u8853\u3001\u7bc0\u65e5\u548c\u8a9e\u8a00\u3002 \u4f5c\u70ba\u6700\u5927\u7684\u5496\u5561\u548c\u68d5\u6ada\u6cb9\u751f\u7522\u570b\u4e4b\u4e00\uff0c\u9019\u570b\u5bb6\u66fe\u662f\u7d93\u6fdf\u7e41\u69ae\u7684\u5178\u7bc4\u3002 \u4f46\u73fe\u4eca\u537b\u9762\u81e8\u8457\u7d93\u6fdf\u8870\u9000\u3001\u6c11\u65cf\u5206\u6b67\u3001\u7a2e\u65cf\u5206\u88c2\u548c\u653f\u6cbb\u4e0d\u7a69\u5b9a\u3002<\/p>\n<p>1960\u5e74\u5f9e\u6cd5\u570b\u7368\u7acb\u5f8c\uff0c\u8c61\u7259\u6d77\u5cb8\u653f\u5c40\u4e00\u76f4\u5f88\u7a69\u5b9a\uff0c\u76f4\u52301999\u5e74\u7b2c\u4e8c\u4efb\u7e3d\u7d71\u56e0\u8ecd\u4e8b\u653f\u8b8a\u4e0b\u53f0\u5f8c\u3002 \u5f80\u5f8c\u5e7e\u5341\u5e74\u88e1\u570b\u5bb6\uff0c\u70ba\u8457\u6062\u5fa9\u7d71\u4e00\u4e0d\u65b7\u52aa\u529b\u3002 \u81ea2002\u5e74\u4ee5\u4f86\uff0c\u8c61\u7259\u6d77\u5cb8\u7d93\u6b77\u5169\u6b21\u5167\u6230\u548c\u591a\u6b21\u8ecd\u4e8b\u653f\u8b8a\u3002 \u57282010 \u5e74\u5927\u9078\u5931\u6557\u5f8c\uff0c\u6d1b\u6717\u00b7\u5df4\u6ce2(Laurent Gbagbo)\u7e3d\u7d71\u62d2\u7d55\u4e0b\u53f0\u3002 \u5f15\u767c\u70ba\u671f\u4e94\u500b\u6708\u7684\u8ecd\u4e8b\u885d\u7a81\uff0c\u9020\u62103\u5343\u4eba\u6b7b\u4ea1\u300150 \u842c\u4eba\u6d41\u96e2\u5931\u6240\u3002 \u7a2e\u65cf\u548c\u90e8\u843d\u95dc\u4fc2\u6bd4\u6c11\u65cf\u8a8d\u540c\u66f4\u70ba\u7dca\u5bc6\uff0c\u9019\u52a0\u5287\u570b\u5bb6\u5206\u88c2\u7684\u52d5\u4e82\u3002 \u8c61\u7259\u6d77\u5cb8\u91cd\u5ea6\u4f9d\u8cf4\u7684\u53ef\u53ef\u50f9\u683c\u4e0b\u8dcc\uff0c\u4f7f\u5f97\u570b\u5167\u7d93\u6fdf\u53d7\u5230\u5f88\u5927\u5f71\u97ff\u3002 \u6b64\u5916\uff0c\u5927\u7d04\u670950\u842c\u4eba\u611f\u67d3\u611b\u6ecb\u75c5\uff0c\u6bcf\u5e74\u596a\u53bb\u7d044\u842c\u4eba\u7684\u751f\u547d\u3002 \u66f4\u7cdf\u7684\u662f\uff0c\u6bd4\u4e9e\u6cb3\u53d7\u5230\u6c59\u67d3\uff0c\u9019\u662f\u8a31\u591a\u4eba\u7684\u4e3b\u8981\u98f2\u7528\u6c34\u4f86\u6e90\u3002<\/p>\n<p>\u5982\u540c\u897f\u975e\u7684\u5927\u90e8\u5206\u5730\u5340\uff0c\u8c61\u7259\u6d77\u5cb8\u4e3b\u8981\u5206\u70ba\u5317\u90e8\u7a46\u65af\u6797\u548c\u5357\u90e8\u57fa\u7763\u6559\u5f92\uff0c\u5927\u7d04 41% \u7684\u4eba\u4fe1\u5949\u4f0a\u65af\u862d\u6559\uff0c33% \u7684\u4eba\u4fe1\u5949\u57fa\u7763\u6559\u3002 \u5728\u570b\u5bb6\u5206\u88c2\u7684\u60c5\u6cc1\u4e0b\uff0c\u6559\u6703\u4e5f\u901a\u904e\u7121\u7dda\u96fb\u5ee3\u64ad\u3001\u6587\u66f8\u51fa\u7248\u7b49\u65b9\u9762\u4e92\u76f8\u5e6b\u6d66\u4e2d\u6301\u7e8c\u6210\u9577\u3002 \u7a46\u65af\u6797\u548c\u57fa\u7763\u5f92\u751a\u81f3\u5171\u540c\u5408\u4f5c\uff0c\u901a\u904e\u63d0\u9ad8\u8b58\u5b57\u548c\u91ab\u7642\u7ad9\u6539\u5584\u9019\u570b\u5bb6\u3002 \u9019\u6a23\u7684\u4f19\u4f34\u95dc\u4fc2\u6210\u70ba\u50b3\u798f\u97f3\u5f37\u800c\u6709\u529b\u7684\u9014\u5f91\u3002 \u6559\u6703\u8fc5\u901f\u767c\u5c55\uff0c\u751a\u81f3\u5728\u7a46\u65af\u6797\u5360\u4e3b\u5c0e\u5730\u4f4d\u7684\u5317\u65b9\u5730\u5340\u4e5f\u9678\u7e8c\u5efa\u7acb\u6559\u6703\u3002 \u4f2f\u5229\u6046\u8056\u7d93\u5b78\u9662(Institut Biblique Bethel)\u5728\u57f9\u8a13\u9019\u4e9b\u5c6c\u9748\u9818\u8896\u548c\u7267\u5e2b\u65b9\u9762\u767c\u63ee\u91cd\u8981\u4f5c\u7528\u3002 \u770b\u4f3c\u57fa\u7763\u6559\u5728\u7576\u5730\u6709\u5f88\u597d\u7684\u767c\u5c55\uff0c\u4f46\u57fa\u7763\u6559\u8207\u7576\u5730\u50b3\u7d71\u4fe1\u4ef0\u7684\u878d\u5408\u4ecd\u7136\u666e\u904d\u5b58\u5728\uff0c\u9019\u60c5\u6cc1\u5c0d\u6559\u6703\u4e0d\u5229\u3002 \u7531\u65bc\u5c6c\u9748\u66f8\u7c4d\u548c\u8056\u7d93\u7684\u6210\u672c\uff0c\u795e\u5b78\u8cc7\u6e90\u6709\u9650\u3002 \u6574\u500b\u8c61\u7259\u6d77\u5cb8\u6559\u6703\u53ca\u5c6c\u9748\u9818\u8896\u548c\u7267\u5e2b\u90fd\u975e\u5e38\u9700\u8981\u624e\u6839\u65bc\u8056\u7d93\u771f\u7406\u7684\u6559\u5c0e\u3002\n<\/p><\/div>\n<\/div>\n<div class=\"sourceFrom\">\u4f86\u6e90 :<br \/>\n<a class=\"link_colored externalLink\" href=\"https:\/\/www.prayercast.com\/cote-d-ivoire.html\" target=\"_blank\" rel=\"noopener noreferrer\">Prayercast<\/a><\/div>\n<\/div>\n","protected":false},"excerpt":{"rendered":"<p>\u8c61\u7259\u6d77\u5cb8 Cote d&#8217;Ivoire \u4eba\u53e3 \u4eba\u53e3\uff1a \u7d042800\u842c \u65cf\u7fa4\uff1a \u5df4\u70cf\u52d2 13%, \u83ab\u897f &hellip;&nbsp;<a href=\"https:\/\/www.3cmspace.com\/zh-hant\/countries\/countries-africa\/cote-divoire\/\" rel=\"bookmark\">Read More &raquo;<span class=\"screen-reader-text\">\u8c61\u7259\u6d77\u5cb8<\/span><\/a><\/p>\n","protected":false},"author":323,"featured_media":0,"parent":8473,"menu_order":0,"comment_status":"closed","ping_status":"closed","template":"","meta":{"_bbp_topic_count":0,"_bbp_reply_count":0,"_bbp_total_topic_count":0,"_bbp_total_reply_count":0,"_bbp_voice_count":0,"_bbp_anonymous_reply_count":0,"_bbp_topic_count_hidden":0,"_bbp_reply_count_hidden":0,"_bbp_forum_subforum_count":0,"_monsterinsights_skip_tracking":false,"_monsterinsights_sitenote_active":false,"_monsterinsights_sitenote_note":"","_monsterinsights_sitenote_category":0,"neve_meta_sidebar":"","neve_meta_container":"","neve_meta_enable_content_width":"off","neve_meta_content_width":100,"neve_meta_title_alignment":"","neve_meta_author_avatar":"","neve_post_elements_order":"","neve_meta_disable_header":"","neve_meta_disable_footer":"","neve_meta_disable_title":"","footnotes":""},"class_list":["post-12609","page","type-page","status-publish","hentry"],"_links":{"self":[{"href":"https:\/\/www.3cmspace.com\/zh-hant\/wp-json\/wp\/v2\/pages\/12609","targetHints":{"allow":["GET"]}}],"collection":[{"href":"https:\/\/www.3cmspace.com\/zh-hant\/wp-json\/wp\/v2\/pages"}],"about":[{"href":"https:\/\/www.3cmspace.com\/zh-hant\/wp-json\/wp\/v2\/types\/page"}],"author":[{"embeddable":true,"href":"https:\/\/www.3cmspace.com\/zh-hant\/wp-json\/wp\/v2\/users\/323"}],"replies":[{"embeddable":true,"href":"https:\/\/www.3cmspace.com\/zh-hant\/wp-json\/wp\/v2\/comments?post=12609"}],"version-history":[{"count":1,"href":"https:\/\/www.3cmspace.com\/zh-hant\/wp-json\/wp\/v2\/pages\/12609\/revisions"}],"predecessor-version":[{"id":12676,"href":"https:\/\/www.3cmspace.com\/zh-hant\/wp-json\/wp\/v2\/pages\/12609\/revisions\/12676"}],"up":[{"embeddable":true,"href":"https:\/\/www.3cmspace.com\/zh-hant\/wp-json\/wp\/v2\/pages\/8473"}],"wp:attachment":[{"href":"https:\/\/www.3cmspace.com\/zh-hant\/wp-json\/wp\/v2\/media?parent=12609"}],"curies":[{"name":"wp","href":"https:\/\/api.w.org\/{rel}","templated":true}]}}