{"id":12675,"date":"2023-01-09T15:02:51","date_gmt":"2023-01-09T07:02:51","guid":{"rendered":"https:\/\/www.3cmspace.com\/?page_id=12675"},"modified":"2023-01-09T15:02:51","modified_gmt":"2023-01-09T07:02:51","slug":"cote-divoire","status":"publish","type":"page","link":"https:\/\/www.3cmspace.com\/zh-hans\/countries\/countries-africa\/cote-divoire\/","title":{"rendered":"\u79d1\u7279\u8fea\u74e6"},"content":{"rendered":"<div id=\"page_indvCountry\">\n<div class=\"block_holder\">\n<div class=\"block_title\">\u79d1\u7279\u8fea\u74e6<\/div>\n<div class=\"block_title block_subtitle\">Cote d&#8217;Ivoire<\/div>\n<p><iframe loading=\"lazy\" src=\"https:\/\/www.youtube.com\/embed\/Kg7A6QuCXm8\" width=\"560\" height=\"315\" frameborder=\"0\" allowfullscreen=\"allowfullscreen\"><\/iframe><\/p>\n<\/div>\n<div class=\"block_holder\">\n<div class=\"stat_column\">\n<p><img decoding=\"async\" src=\"\/wp-content\/uploads\/Icon_Population.png\" alt=\"\"><\/p>\n<h2>\u4eba\u53e3<\/h2>\n<table>\n<tbody>\n<tr>\n<td>\u4eba\u53e3\uff1a<\/td>\n<td>\u7ea62800\u4e07<\/td>\n<\/tr>\n<tr>\n<td>\u65cf\u7fa4\uff1a<\/td>\n<td>\u5df4\u4e4c\u52d2 13%, \u83ab\u897f 11%, \u79d1\u7279\u8fea\u74e6\u9a6c\u6797\u514b 7%<\/td>\n<\/tr>\n<\/tbody>\n<\/table>\n<\/div>\n<div class=\"stat_column\">\n<p><img decoding=\"async\" src=\"\/wp-content\/uploads\/Icon_Language.png\" alt=\"\"><\/p>\n<h2>\u8bed\u8a00<\/h2>\n<table>\n<tbody>\n<tr>\n<td>\u5b98\u65b9\uff1a<\/td>\n<td>\u6cd5\u8bed<\/td>\n<\/tr>\n<tr>\n<td>\u5176\u5b83\u8bed\u8a00\uff1a<\/td>\n<td>Baoul\u00e9, M\u00f2or\u00e9, Jula<\/td>\n<\/tr>\n<\/tbody>\n<\/table>\n<\/div>\n<div class=\"stat_column\">\n<p><img decoding=\"async\" src=\"\/wp-content\/uploads\/Icon_Religion.png\" alt=\"\"><\/p>\n<h2>\u5b97\u6559\u4fe1\u4ef0<\/h2>\n<table>\n<tbody>\n<tr>\n<td>\u4f0a\u65af\u5170\u6559\uff1a<\/td>\n<td>44%<\/td>\n<\/tr>\n<tr>\n<td>\u57fa\u7763\u6559\uff1a<\/td>\n<td>34%<\/td>\n<\/tr>\n<tr>\n<td>\u6c11\u95f4\u4fe1\u4ef0\uff1a<\/td>\n<td>22%<\/td>\n<\/tr>\n<\/tbody>\n<\/table>\n<\/div>\n<div class=\"stat_column\">\n<p><img decoding=\"async\" src=\"\/wp-content\/uploads\/Icon_Unreached.png\" alt=\"\"><\/p>\n<h2>\u672a\u5f97\u4e4b\u6c11<\/h2>\n<table>\n<tbody>\n<tr>\n<td>\u672a\u5f97\u4e4b\u6c11\uff1a<\/td>\n<td class=\"red\">\u5927\u7ea6 33.3 %<\/td>\n<\/tr>\n<\/tbody>\n<\/table>\n<\/div>\n<\/div>\n<div class=\"block_holder\">\n<h2>\u4ee3\u7977\u4e8b\u9879<\/h2>\n<ul>\n<li>\u4e3a\u798f\u97f3\u80fd\u6e17\u900f\u5230\u4ee5\u7a46\u65af\u6797\u4e3a\u4e3b\u7684\u5317\u65b9\u5c1a\u672a\u6709\u798f\u97f3\u4f20\u5165\u7684\u5730\u533a\u7977\u544a\u3002<\/li>\n<li>\u4e3a\u57fa\u7763\u5f92\u6293\u4f4f\u6bcf\u6b21\u4f20\u798f\u97f3\u7ed9\u5f53\u5730\u5916\u56fd\u4eba\u7684\u673a\u4f1a\u7977\u544a\u3002<\/li>\n<li>\u4e3a\u5723\u7ecf\u771f\u7406\u80fd\u88ab\u6559\u5bfc\u5e76\u6709\u6548\u5730\u8bad\u7ec3\u4fe1\u5f92\u7977\u544a\u3002<\/li>\n<\/ul>\n<\/div>\n<div class=\"block_holder\">\n<h2>\u66f4\u591a\u6709\u5173\u79d1\u7279\u8fea\u74e6<\/h2>\n<div>\n\u79d1\u7279\u8fea\u74e6\u7531\u6d77\u5cb8\u6f5f\u6e56\u3001\u8302\u5bc6\u7684\u68ee\u6797\u548c\u70ed\u5e26\u8349\u539f\u7ec4\u6210\uff0c\u88ab\u79f0\u4e3a\u300c\u897f\u975e\u7684\u5b9d\u77f3\u300d\u3002 \u79d1\u7279\u8fea\u74e6\u62e5\u670960\u591a\u4e2a\u539f\u4f4f\u6c11\u90e8\u843d\uff0c\u6bcf\u4e2a\u90e8\u843d\u90fd\u6709\u72ec\u7279\u7684\u7279\u70b9\u548c\u4f20\u7edf\uff0c\u662f\u4e00\u4e2a\u79cd\u65cf\u591a\u5143\u5316\u7684\u56fd\u5bb6\u3002 \u82e5\u5728\u8fd9\u4e2a\u56fd\u5bb6\u77ed\u9014\u65c5\u884c\u4e2d\uff0c\u4f60\u4f1a\u7ecf\u5386\u5230\u4e0d\u540c\u7684\u97f3\u4e50\u3001\u827a\u672f\u3001\u8282\u65e5\u548c\u8bed\u8a00\u3002 \u4f5c\u4e3a\u6700\u5927\u7684\u5496\u5561\u548c\u68d5\u6988\u6cb9\u751f\u4ea7\u56fd\u4e4b\u4e00\uff0c\u8fd9\u56fd\u5bb6\u66fe\u662f\u7ecf\u6d4e\u7e41\u8363\u7684\u5178\u8303\u3002 \u4f46\u73b0\u4eca\u5374\u9762\u4e34\u7740\u7ecf\u6d4e\u8870\u9000\u3001\u6c11\u65cf\u5206\u6b67\u3001\u79cd\u65cf\u5206\u88c2\u548c\u653f\u6cbb\u4e0d\u7a33\u5b9a\u3002<\/p>\n<p>1960\u5e74\u4ece\u6cd5\u56fd\u72ec\u7acb\u540e\uff0c\u79d1\u7279\u8fea\u74e6\u653f\u5c40\u4e00\u76f4\u5f88\u7a33\u5b9a\uff0c\u76f4\u52301999\u5e74\u7b2c\u4e8c\u4efb\u603b\u7edf\u56e0\u519b\u4e8b\u653f\u53d8\u4e0b\u53f0\u540e\u3002 \u5f80\u540e\u51e0\u5341\u5e74\u91cc\u56fd\u5bb6\uff0c\u4e3a\u7740\u6062\u590d\u7edf\u4e00\u4e0d\u65ad\u52aa\u529b\u3002 \u81ea2002\u5e74\u4ee5\u6765\uff0c\u79d1\u7279\u8fea\u74e6\u7ecf\u5386\u4e24\u6b21\u5185\u6218\u548c\u591a\u6b21\u519b\u4e8b\u653f\u53d8\u3002 \u57282010 \u5e74\u5927\u9009\u5931\u8d25\u540e\uff0c\u6d1b\u6717\u00b7\u5df4\u6ce2(Laurent Gbagbo)\u603b\u7edf\u62d2\u7edd\u4e0b\u53f0\u3002 \u5f15\u53d1\u4e3a\u671f\u4e94\u4e2a\u6708\u7684\u519b\u4e8b\u51b2\u7a81\uff0c\u9020\u62103\u5343\u4eba\u6b7b\u4ea1\u300150 \u4e07\u4eba\u6d41\u79bb\u5931\u6240\u3002 \u79cd\u65cf\u548c\u90e8\u843d\u5173\u7cfb\u6bd4\u6c11\u65cf\u8ba4\u540c\u66f4\u4e3a\u7d27\u5bc6\uff0c\u8fd9\u52a0\u5267\u56fd\u5bb6\u5206\u88c2\u7684\u52a8\u4e71\u3002 \u79d1\u7279\u8fea\u74e6\u91cd\u5ea6\u4f9d\u8d56\u7684\u53ef\u53ef\u4ef7\u683c\u4e0b\u8dcc\uff0c\u4f7f\u5f97\u56fd\u5185\u7ecf\u6d4e\u53d7\u5230\u5f88\u5927\u5f71\u54cd\u3002 \u6b64\u5916\uff0c\u5927\u7ea6\u670950\u4e07\u4eba\u611f\u67d3\u7231\u6ecb\u75c5\uff0c\u6bcf\u5e74\u593a\u53bb\u7ea64\u4e07\u4eba\u7684\u751f\u547d\u3002 \u66f4\u7cdf\u7684\u662f\uff0c\u6bd4\u4e9a\u6cb3\u53d7\u5230\u6c61\u67d3\uff0c\u8fd9\u662f\u8bb8\u591a\u4eba\u7684\u4e3b\u8981\u996e\u7528\u6c34\u6765\u6e90\u3002<\/p>\n<p>\u5982\u540c\u897f\u975e\u7684\u5927\u90e8\u5206\u5730\u533a\uff0c\u79d1\u7279\u8fea\u74e6\u4e3b\u8981\u5206\u4e3a\u5317\u90e8\u7a46\u65af\u6797\u548c\u5357\u90e8\u57fa\u7763\u6559\u5f92\uff0c\u5927\u7ea6 41% \u7684\u4eba\u4fe1\u5949\u4f0a\u65af\u5170\u6559\uff0c33% \u7684\u4eba\u4fe1\u5949\u57fa\u7763\u6559\u3002 \u5728\u56fd\u5bb6\u5206\u88c2\u7684\u60c5\u51b5\u4e0b\uff0c\u6559\u4f1a\u4e5f\u901a\u8fc7\u65e0\u7ebf\u7535\u5e7f\u64ad\u3001\u6587\u4e66\u51fa\u7248\u7b49\u65b9\u9762\u4e92\u76f8\u5e2e\u6d66\u4e2d\u6301\u7eed\u6210\u957f\u3002 \u7a46\u65af\u6797\u548c\u57fa\u7763\u5f92\u751a\u81f3\u5171\u540c\u5408\u4f5c\uff0c\u901a\u8fc7\u63d0\u9ad8\u8bc6\u5b57\u548c\u533b\u7597\u7ad9\u6539\u5584\u8fd9\u56fd\u5bb6\u3002 \u8fd9\u6837\u7684\u5925\u4f34\u5173\u7cfb\u6210\u4e3a\u4f20\u798f\u97f3\u5f3a\u800c\u6709\u529b\u7684\u9014\u5f84\u3002 \u6559\u4f1a\u8fc5\u901f\u53d1\u5c55\uff0c\u751a\u81f3\u5728\u7a46\u65af\u6797\u5360\u4e3b\u5bfc\u5730\u4f4d\u7684\u5317\u65b9\u5730\u533a\u4e5f\u9646\u7eed\u5efa\u7acb\u6559\u4f1a\u3002 \u4f2f\u5229\u6052\u5723\u7ecf\u5b66\u9662(Institut Biblique Bethel)\u5728\u57f9\u8bad\u8fd9\u4e9b\u5c5e\u7075\u9886\u8896\u548c\u7267\u5e08\u65b9\u9762\u53d1\u6325\u91cd\u8981\u4f5c\u7528\u3002 \u770b\u4f3c\u57fa\u7763\u6559\u5728\u5f53\u5730\u6709\u5f88\u597d\u7684\u53d1\u5c55\uff0c\u4f46\u57fa\u7763\u6559\u4e0e\u5f53\u5730\u4f20\u7edf\u4fe1\u4ef0\u7684\u878d\u5408\u4ecd\u7136\u666e\u904d\u5b58\u5728\uff0c\u8fd9\u60c5\u51b5\u5bf9\u6559\u4f1a\u4e0d\u5229\u3002 \u7531\u4e8e\u5c5e\u7075\u4e66\u7c4d\u548c\u5723\u7ecf\u7684\u6210\u672c\uff0c\u795e\u5b66\u8d44\u6e90\u6709\u9650\u3002 \u6574\u4e2a\u79d1\u7279\u8fea\u74e6\u6559\u4f1a\u53ca\u5c5e\u7075\u9886\u8896\u548c\u7267\u5e08\u90fd\u975e\u5e38\u9700\u8981\u624e\u6839\u4e8e\u5723\u7ecf\u771f\u7406\u7684\u6559\u5bfc\u3002\n<\/p><\/div>\n<\/div>\n<div class=\"sourceFrom\">\u6765\u6e90 :<br \/>\n<a class=\"link_colored externalLink\" href=\"https:\/\/www.prayercast.com\/cote-d-ivoire.html\" target=\"_blank\" rel=\"noopener noreferrer\">Prayercast<\/a><\/div>\n<\/div>\n","protected":false},"excerpt":{"rendered":"<p>\u79d1\u7279\u8fea\u74e6 Cote d&#8217;Ivoire \u4eba\u53e3 \u4eba\u53e3\uff1a \u7ea62800\u4e07 \u65cf\u7fa4\uff1a \u5df4\u4e4c\u52d2 13%, \u83ab\u897f &hellip;&nbsp;<a href=\"https:\/\/www.3cmspace.com\/zh-hans\/countries\/countries-africa\/cote-divoire\/\" rel=\"bookmark\">\u9605\u8bfb\u66f4\u591a &raquo;<span class=\"screen-reader-text\">\u79d1\u7279\u8fea\u74e6<\/span><\/a><\/p>\n","protected":false},"author":160,"featured_media":0,"parent":8472,"menu_order":0,"comment_status":"closed","ping_status":"closed","template":"","meta":{"_bbp_topic_count":0,"_bbp_reply_count":0,"_bbp_total_topic_count":0,"_bbp_total_reply_count":0,"_bbp_voice_count":0,"_bbp_anonymous_reply_count":0,"_bbp_topic_count_hidden":0,"_bbp_reply_count_hidden":0,"_bbp_forum_subforum_count":0,"_monsterinsights_skip_tracking":false,"_monsterinsights_sitenote_active":false,"_monsterinsights_sitenote_note":"","_monsterinsights_sitenote_category":0,"neve_meta_sidebar":"","neve_meta_container":"","neve_meta_enable_content_width":"off","neve_meta_content_width":100,"neve_meta_title_alignment":"","neve_meta_author_avatar":"","neve_post_elements_order":"","neve_meta_disable_header":"","neve_meta_disable_footer":"","neve_meta_disable_title":"","footnotes":""},"class_list":["post-12675","page","type-page","status-publish","hentry"],"_links":{"self":[{"href":"https:\/\/www.3cmspace.com\/zh-hans\/wp-json\/wp\/v2\/pages\/12675","targetHints":{"allow":["GET"]}}],"collection":[{"href":"https:\/\/www.3cmspace.com\/zh-hans\/wp-json\/wp\/v2\/pages"}],"about":[{"href":"https:\/\/www.3cmspace.com\/zh-hans\/wp-json\/wp\/v2\/types\/page"}],"author":[{"embeddable":true,"href":"https:\/\/www.3cmspace.com\/zh-hans\/wp-json\/wp\/v2\/users\/160"}],"replies":[{"embeddable":true,"href":"https:\/\/www.3cmspace.com\/zh-hans\/wp-json\/wp\/v2\/comments?post=12675"}],"version-history":[{"count":1,"href":"https:\/\/www.3cmspace.com\/zh-hans\/wp-json\/wp\/v2\/pages\/12675\/revisions"}],"predecessor-version":[{"id":12677,"href":"https:\/\/www.3cmspace.com\/zh-hans\/wp-json\/wp\/v2\/pages\/12675\/revisions\/12677"}],"up":[{"embeddable":true,"href":"https:\/\/www.3cmspace.com\/zh-hans\/wp-json\/wp\/v2\/pages\/8472"}],"wp:attachment":[{"href":"https:\/\/www.3cmspace.com\/zh-hans\/wp-json\/wp\/v2\/media?parent=12675"}],"curies":[{"name":"wp","href":"https:\/\/api.w.org\/{rel}","templated":true}]}}